{"id":34,"date":"2018-05-08T13:30:37","date_gmt":"2018-05-08T13:30:37","guid":{"rendered":"https:\/\/www.ronja-altenpohl.de\/?page_id=34"},"modified":"2018-05-09T07:48:52","modified_gmt":"2018-05-09T07:48:52","slug":"startseite","status":"publish","type":"page","link":"https:\/\/www.ronja-richter.de\/","title":{"rendered":"Herzlich Willkommen!"},"content":{"rendered":"<p>&nbsp;<\/p>\n<p><img loading=\"lazy\" decoding=\"async\" class=\"size-medium wp-image-6 alignleft\" src=\"https:\/\/www.ronja-altenpohl.de\/wp-content\/uploads\/2018\/05\/Lena_Jakob_22-09-2017-138-e1525782306820-300x208.jpg\" alt=\"\" width=\"300\" height=\"208\" srcset=\"https:\/\/www.ronja-richter.de\/wp-content\/uploads\/2018\/05\/Lena_Jakob_22-09-2017-138-e1525782306820-300x208.jpg 300w, https:\/\/www.ronja-richter.de\/wp-content\/uploads\/2018\/05\/Lena_Jakob_22-09-2017-138-e1525782306820-768x533.jpg 768w, https:\/\/www.ronja-richter.de\/wp-content\/uploads\/2018\/05\/Lena_Jakob_22-09-2017-138-e1525782306820.jpg 923w\" sizes=\"auto, (max-width: 300px) 100vw, 300px\" \/><\/p>\n<p>Wie Sie vielleicht vermuten, ist die Seite noch in ihrer Entstehungsphase.<\/p>\n<p>Einen kurzen \u00dcberblick \u00fcber meine Vita finden Sie bereits online. F\u00fcr mehr Informationen zu mir, meinen Trainings im Bereich Kommunikation und Visualisierung oder meinen freien Reden zu festlichen Anl\u00e4ssen schreiben Sie mir \u00fcber ronja.altenpohl&#8220;at&#8220;gmail.com.<\/p>\n","protected":false},"excerpt":{"rendered":"<p>&nbsp; Wie Sie vielleicht vermuten, ist die Seite noch in ihrer Entstehungsphase. Einen kurzen \u00dcberblick \u00fcber meine Vita finden Sie bereits online. F\u00fcr mehr Informationen zu mir, meinen Trainings im Bereich Kommunikation und Visualisierung oder meinen freien Reden zu festlichen Anl\u00e4ssen schreiben Sie mir \u00fcber ronja.altenpohl&#8220;at&#8220;gmail.com.<\/p>\n","protected":false},"author":1,"featured_media":0,"parent":0,"menu_order":0,"comment_status":"closed","ping_status":"closed","template":"","meta":{"footnotes":""},"class_list":["post-34","page","type-page","status-publish","hentry","no-post-thumbnail","post-grid-2-col","entry"],"_links":{"self":[{"href":"https:\/\/www.ronja-richter.de\/index.php?rest_route=\/wp\/v2\/pages\/34","targetHints":{"allow":["GET"]}}],"collection":[{"href":"https:\/\/www.ronja-richter.de\/index.php?rest_route=\/wp\/v2\/pages"}],"about":[{"href":"https:\/\/www.ronja-richter.de\/index.php?rest_route=\/wp\/v2\/types\/page"}],"author":[{"embeddable":true,"href":"https:\/\/www.ronja-richter.de\/index.php?rest_route=\/wp\/v2\/users\/1"}],"replies":[{"embeddable":true,"href":"https:\/\/www.ronja-richter.de\/index.php?rest_route=%2Fwp%2Fv2%2Fcomments&post=34"}],"version-history":[{"count":6,"href":"https:\/\/www.ronja-richter.de\/index.php?rest_route=\/wp\/v2\/pages\/34\/revisions"}],"predecessor-version":[{"id":54,"href":"https:\/\/www.ronja-richter.de\/index.php?rest_route=\/wp\/v2\/pages\/34\/revisions\/54"}],"wp:attachment":[{"href":"https:\/\/www.ronja-richter.de\/index.php?rest_route=%2Fwp%2Fv2%2Fmedia&parent=34"}],"curies":[{"name":"wp","href":"https:\/\/api.w.org\/{rel}","templated":true}]}}